{"id":1605,"date":"2023-09-01T11:18:10","date_gmt":"2023-09-01T14:18:10","guid":{"rendered":"https:\/\/www.sinduscon-joinville.org.br\/v2021\/?page_id=1605"},"modified":"2023-09-01T11:18:10","modified_gmt":"2023-09-01T14:18:10","slug":"obra-juridicamente-perfeita","status":"publish","type":"page","link":"https:\/\/www.sinduscon-joinville.org.br\/v2021\/obra-juridicamente-perfeita\/","title":{"rendered":"Obra Juridicamente Perfeita"},"content":{"rendered":"<!--themify_builder_content-->\n<div id=\"themify_builder_content-1605\" data-postid=\"1605\" class=\"themify_builder_content themify_builder_content-1605 themify_builder tf_clear\">\n                    <div  data-lazy=\"1\" class=\"module_row themify_builder_row tb_qol518 tb_first tf_w\">\n                        <div class=\"row_inner col_align_top tb_col_count_2 tf_box tf_rel\">\n                        <div  data-lazy=\"1\" class=\"module_column tb-column col3-1 tb_cdbv19 first\">\n                    <!-- module image -->\n<div  class=\"module module-image tb_p65o916 image-top   auto_fullwidth tf_mw\" data-lazy=\"1\">\n        <div class=\"image-wrap tf_rel tf_mw\">\n            <img loading=\"lazy\" decoding=\"async\" width=\"1185\" height=\"1600\" src=\"https:\/\/www.sinduscon-joinville.org.br\/v2021\/wp-content\/uploads\/2023\/09\/Obra-Juridicamente-Perfeita.jpg\" class=\"wp-post-image wp-image-1606\" title=\"Obra Juridicamente Perfeita\" alt=\"Obra Juridicamente Perfeita\" srcset=\"https:\/\/www.sinduscon-joinville.org.br\/v2021\/wp-content\/uploads\/2023\/09\/Obra-Juridicamente-Perfeita.jpg 1185w, https:\/\/www.sinduscon-joinville.org.br\/v2021\/wp-content\/uploads\/2023\/09\/Obra-Juridicamente-Perfeita-222x300.jpg 222w, https:\/\/www.sinduscon-joinville.org.br\/v2021\/wp-content\/uploads\/2023\/09\/Obra-Juridicamente-Perfeita-758x1024.jpg 758w, https:\/\/www.sinduscon-joinville.org.br\/v2021\/wp-content\/uploads\/2023\/09\/Obra-Juridicamente-Perfeita-768x1037.jpg 768w, https:\/\/www.sinduscon-joinville.org.br\/v2021\/wp-content\/uploads\/2023\/09\/Obra-Juridicamente-Perfeita-1138x1536.jpg 1138w\" sizes=\"auto, (max-width: 1185px) 100vw, 1185px\" \/>    \n        <\/div>\n    <!-- \/image-wrap -->\n    \n        <\/div>\n<!-- \/module image -->        <\/div>\n                    <div  data-lazy=\"1\" class=\"module_column tb-column col3-2 tb_o83j738 last\">\n                    <!-- module text -->\n<div  class=\"module module-text tb_h9dw762   \" data-lazy=\"1\">\n        <div  class=\"tb_text_wrap\">\n        <p><strong>SINDUSCON Joinville lan\u00e7a selo Obra Juridicamente Perfeita<\/strong><\/p><p>Os neg\u00f3cios imobili\u00e1rios exigem cuidados, aten\u00e7\u00e3o e boas pr\u00e1ticas. Quanto maior a seguran\u00e7a jur\u00eddica nas transa\u00e7\u00f5es de compra e venda de im\u00f3veis, melhor ser\u00e1 para construtoras, incorporadoras e compradores.<\/p><p>Pensando nisso, o SINDUSCON Joinville lan\u00e7ou o selo Obra Juridicamente Perfeita. O objetivo \u00e9 certificar as empresas que cumprem as exig\u00eancias legais e, assim, aumentar a credibilidade do setor, a confian\u00e7a dos clientes e a agilidade nas transa\u00e7\u00f5es imobili\u00e1rias.<\/p><p>O selo Obra Juridicamente Perfeita \u00e9 emitido pelo SINDUSCON Joinville e concedido a empresas que apresentam o Registro de Incorpora\u00e7\u00e3o Imobili\u00e1ria e outras documenta\u00e7\u00f5es que atestam a legalidade dos empreendimentos.<\/p><p>At\u00e9 o momento, 23 certifica\u00e7\u00f5es j\u00e1 foram emitidas, mostrando, publicamente, quais s\u00e3o as construtoras e incorporadoras que atuam de forma respons\u00e1vel. Al\u00e9m de estimular as boas pr\u00e1ticas no mercado imobili\u00e1rio, o selo coloca as empresas em evid\u00eancia, contribuindo para o fortalecimento da ind\u00fastria da constru\u00e7\u00e3o civil, em especial as empresas associadas ao SINDUSCON Joinville.<\/p><p>A iniciativa \u00e9 do Grupo de Marketing do SINDUSCON Joinville e os associados que desejarem aderir ao programa devem fornecer o Registro de Incorpora\u00e7\u00e3o para checagem. Uma vez obtendo o selo, as empresas podem utiliz\u00e1-lo em suas obras, publicidades e campanhas comerciais ou institucionais.<\/p><p>Em conjunto com o Selo Obra Juridicamente Perfeita, o Grupo de Marketing est\u00e1 elaborando a Cartilha do Comprador de Im\u00f3vel, com dicas sobre contratos, respostas para d\u00favidas frequentes e orienta\u00e7\u00f5es sobre as principais responsabilidades, direitos e deveres do comprador.<\/p><p>\u00a0<\/p>    <\/div>\n<\/div>\n<!-- \/module text -->        <\/div>\n                        <\/div>\n        <\/div>\n        <\/div>\n<!--\/themify_builder_content-->","protected":false},"excerpt":{"rendered":"<p>SINDUSCON Joinville lan\u00e7a selo Obra Juridicamente Perfeita Os neg\u00f3cios imobili\u00e1rios exigem cuidados, aten\u00e7\u00e3o e boas pr\u00e1ticas. Quanto maior a seguran\u00e7a jur\u00eddica nas transa\u00e7\u00f5es de compra e venda de im\u00f3veis, melhor ser\u00e1 para construtoras, incorporadoras e compradores. Pensando nisso, o SINDUSCON Joinville lan\u00e7ou o selo Obra Juridicamente Perfeita. O objetivo \u00e9 certificar as empresas que cumprem [&hellip;]<\/p>\n","protected":false},"author":1,"featured_media":0,"parent":0,"menu_order":0,"comment_status":"closed","ping_status":"closed","template":"","meta":{"footnotes":""},"class_list":["post-1605","page","type-page","status-publish","hentry","has-post-title","has-post-date","has-post-category","has-post-tag","has-post-comment","has-post-author",""],"_links":{"self":[{"href":"https:\/\/www.sinduscon-joinville.org.br\/v2021\/wp-json\/wp\/v2\/pages\/1605","targetHints":{"allow":["GET"]}}],"collection":[{"href":"https:\/\/www.sinduscon-joinville.org.br\/v2021\/wp-json\/wp\/v2\/pages"}],"about":[{"href":"https:\/\/www.sinduscon-joinville.org.br\/v2021\/wp-json\/wp\/v2\/types\/page"}],"author":[{"embeddable":true,"href":"https:\/\/www.sinduscon-joinville.org.br\/v2021\/wp-json\/wp\/v2\/users\/1"}],"replies":[{"embeddable":true,"href":"https:\/\/www.sinduscon-joinville.org.br\/v2021\/wp-json\/wp\/v2\/comments?post=1605"}],"version-history":[{"count":2,"href":"https:\/\/www.sinduscon-joinville.org.br\/v2021\/wp-json\/wp\/v2\/pages\/1605\/revisions"}],"predecessor-version":[{"id":1608,"href":"https:\/\/www.sinduscon-joinville.org.br\/v2021\/wp-json\/wp\/v2\/pages\/1605\/revisions\/1608"}],"wp:attachment":[{"href":"https:\/\/www.sinduscon-joinville.org.br\/v2021\/wp-json\/wp\/v2\/media?parent=1605"}],"curies":[{"name":"wp","href":"https:\/\/api.w.org\/{rel}","templated":true}]}}