{"id":382,"date":"2020-09-03T11:17:06","date_gmt":"2020-09-03T14:17:06","guid":{"rendered":"https:\/\/www.sinduscon-joinville.org.br\/v2021\/?page_id=382"},"modified":"2020-09-03T11:55:27","modified_gmt":"2020-09-03T14:55:27","slug":"seja-um-associado","status":"publish","type":"page","link":"https:\/\/www.sinduscon-joinville.org.br\/v2021\/seja-um-associado\/","title":{"rendered":"SEJA UM ASSOCIADO"},"content":{"rendered":"<!--themify_builder_content-->\n<div id=\"themify_builder_content-382\" data-postid=\"382\" class=\"themify_builder_content themify_builder_content-382 themify_builder tf_clear\">\n                    <div  data-css_id=\"u0ln715\" data-lazy=\"1\" class=\"module_row themify_builder_row fullheight fullwidth tb_u0ln715 tb_first tf_w\">\n                        <div class=\"row_inner col_align_top tb_col_count_1 tf_box tf_rel\">\n                        <div  data-lazy=\"1\" class=\"module_column tb-column col-full tb_s6w3716 first\">\n                    <!-- module fancy heading -->\n<div  class=\"module module-fancy-heading tb_3av1853 \" data-lazy=\"1\">\n        <h2 class=\"fancy-heading tf_textc\">\n    <span class=\"main-head tf_block\">\n                    Associe-se ao Sinduscon Joinville            <\/span>\n\n    \n    <span class=\"sub-head tf_block tf_rel\">\n                    Conhe\u00e7a os benef\u00edcios            <\/span>\n    <\/h2>\n<\/div>\n<!-- \/module fancy heading -->\n<!-- module icon -->\n<div  class=\"module module-icon tb_7f4w90  large circle icon_horizontal tf_textc\" data-lazy=\"1\">\n\t\t\t<div class=\"module-icon-item\">\n\t\t\t\t\t\t\t<a href=\"https:\/\/www.sinduscon-joinville.org.br\/v2021\/seja-um-associado\/#sinduscon\">\n\t\t\t\t\t\t\t\t\t\t\t\t\t\t\t\t\t<em class=\"tf_boxlight-green\"\n\t\t\t\t\t\t\t\t\t\t\t\t\t\t\t\t\t><svg  class=\"tf_fa tf-ti-angle-double-down\" aria-hidden=\"true\"><use href=\"#tf-ti-angle-double-down\"><\/use><\/svg><\/em>\n\t\t\t\t\t\t\t\t\t\t\t\t\t\t\t\t<\/a>\n\t\t\t\t\t<\/div>\n\t<\/div>\n<!-- \/module icon -->\n        <\/div>\n                        <\/div>\n        <\/div>\n                        <div  data-anchor=\"sinduscon\" data-lazy=\"1\" class=\"module_row themify_builder_row tb_has_section tb_section-sinduscon tb_6qxi109 tf_w\">\n                        <div class=\"row_inner col_align_top tb_col_count_1 tf_box tf_rel\">\n                        <div  data-lazy=\"1\" class=\"module_column tb-column col-full tb_h5jn110 first\">\n                    <!-- module tab -->\n<div  id=\"tb_ovzh208\" class=\"module ui module-tab tb_ovzh208 minimal  transparent \" data-lazy=\"1\">\n        <div class=\"tab-nav-current-active tf_hide\">\n\t\t<span class=\"tab_burger_icon_wrap\">\n\t        <span class=\"tab_burger_icon tf_rel\"><\/span>\n\t\t<\/span>\n        <span class=\"tb_activetab_title\">\n            <span class=\"tb_tab_title\">O Sinduscon<\/span>\n                    <\/span>\n    <\/div>\n    <ul class=\"tab-nav tf_clearfix tf_scrollbar\">\n                <li class=\"current\" aria-expanded=\"true\">\n            <a href=\"#tab-tb_ovzh208-0\">\n                <em><svg  class=\"tf_fa tf-ti-thumb-up\" aria-hidden=\"true\"><use href=\"#tf-ti-thumb-up\"><\/use><\/svg><\/em>                <span class=\"tb_tab_title\">O Sinduscon<\/span>                                            <\/a>\n        <\/li>\n                <li aria-expanded=\"false\">\n            <a href=\"#tab-tb_ovzh208-1\">\n                                <span class=\"tb_tab_title\">Benef\u00edcios<\/span>                                            <\/a>\n        <\/li>\n                <li aria-expanded=\"false\">\n            <a href=\"#tab-tb_ovzh208-2\">\n                                <span class=\"tb_tab_title\">ASSOCIE-SE<\/span>                                            <\/a>\n        <\/li>\n            <\/ul>\n            <div data-id=\"tab-tb_ovzh208-0\" class=\"tab-content tf_clear\" aria-hidden=\"false\">\n                            <div class=\"tb_text_wrap\">\n                    <p>Refer\u00eancia na regi\u00e3o Norte catarinense, o SINDUSCON Joinville vem exercendo seu protagonismo n\u00e3o apenas nas demandas que envolvem o setor da constru\u00e7\u00e3o civil, mas em assuntos de relev\u00e2ncia para a sociedade onde est\u00e1 inserido.<\/p><p>H\u00e1 d\u00e9cadas o sindicato atua na defesa de quest\u00f5es pertinentes ao dia a dia das empresas representadas pela entidade, procurando por meio da atua\u00e7\u00e3o pol\u00edtica e institucional, promover em todas as esferas da sociedade um ambiente cada vez mais prop\u00edcio ao desenvolvimento da cadeia produtiva da ind\u00fastria da constru\u00e7\u00e3o civil.<\/p>                <\/div>\n                    <\/div>\n            <div data-id=\"tab-tb_ovzh208-1\" class=\"tab-content tf_clear\" aria-hidden=\"true\">\n                            <div class=\"tb_text_wrap\">\n                    <ul><li><strong>Representatividade<\/strong><\/li><\/ul><p>Com a miss\u00e3o de representar o setor diante de \u00f3rg\u00e3os p\u00fablicos, o sindicato promove reuni\u00f5es, encontros e debates com as autoridades das diversas \u00e1reas governamentais que exercem influ\u00eancia sobre a ind\u00fastria da constru\u00e7\u00e3o civil. Essas lideran\u00e7as tamb\u00e9m s\u00e3o convidadas a discutir com os associados quest\u00f5es que afetam os neg\u00f3cios do setor.<\/p><p>Por meio da C\u00e2mara Brasileira da Ind\u00fastria da Constru\u00e7\u00e3o (CBIC), o Sinduscon Joinville est\u00e1 presente nos mais importantes f\u00f3runs nacionais, discutindo e buscando solu\u00e7\u00f5es para as quest\u00f5es de interesse do setor da constru\u00e7\u00e3o civil.<\/p><p>O sindicato tamb\u00e9m \u00e9 filiado \u00e0 FIESC &#8211; Federa\u00e7\u00e3o das Ind\u00fastrias do Estado de Santa Catarina e representa o setor junto ao CONDEMA, COMPHANN, CDIC, CONSEP, CBVJ, Conselho da Cidade, CPR, JURAT e CREA-SC.<\/p><ul><li><strong>Cursos e eventos de capacita\u00e7\u00e3o e integra\u00e7\u00e3o<\/strong><\/li><\/ul><p>Treinamentos, cursos, palestras, semin\u00e1rios e workshops voltados \u00e0 gest\u00e3o, finan\u00e7as, capacita\u00e7\u00e3o de m\u00e3o de obra, normas regulamentadoras (NR) e demais temas pertinentes ao setor est\u00e3o entre as a\u00e7\u00f5es desenvolvidas pelo Sinduscon Joinville, assim como a participa\u00e7\u00e3o e\/ou realiza\u00e7\u00e3o de Rodadas de Neg\u00f3cios da Constru\u00e7\u00e3o Civil, Feira das Construtoras e o Dia Nacional da Constru\u00e7\u00e3o Social.<\/p><ul><li><strong>Participa\u00e7\u00e3o do Associado<\/strong><\/li><\/ul><p>Para manter os associados sempre atualizados sobre os assuntos relativos ao segmento, o sindicato realiza reuni\u00f5es mensais para repasse de informa\u00e7\u00f5es.<\/p><ul><li><strong>Conv\u00eanios e descontos com Sistema FIESC e empresas parceiras<\/strong><\/li><\/ul><p>\u00c9 pr\u00e1tica tamb\u00e9m a concess\u00e3o de descontos em cursos, eventos e servi\u00e7os prestados pelo sistema FIESC (SESI, SENAI, IEL) e empresas parceiras.<\/p><p><strong>\u00a0<\/strong><\/p><ul><li><strong>Acervo de publica\u00e7\u00f5es (manuais e cartilhas)<\/strong><\/li><\/ul><p>Ao se associar ao Sinduscon Joinville, as empresas t\u00eam acesso a uma variedade de publica\u00e7\u00f5es dispon\u00edveis para consulta. Entre eles est\u00e3o manuais e cartilhas educativas produzidas pela CBIC em parceria com institui\u00e7\u00f5es e profissionais renomados, com dicas e informa\u00e7\u00f5es relevantes para as boas pr\u00e1ticas na constru\u00e7\u00e3o civil, e edi\u00e7\u00f5es atualizadas de normas de seguran\u00e7a e instru\u00e7\u00f5es normativa elaboradas pela equipe t\u00e9cnica de Sa\u00fade e Seguran\u00e7a do Seconci Joinville e Sinduscon em conjunta com a Subsecretaria do Trabalho.<\/p><ul><li><strong>Participa\u00e7\u00e3o em Grupos T\u00e9cnicos<\/strong><\/li><\/ul><p>Grupo de RH<\/p><p>O sindicato criou, em outubro de 2018, o Grupo de RH do Sinduscon Joinville. A iniciativa conta com o apoio da Federa\u00e7\u00e3o das Ind\u00fastrias do Estado de Santa Catarina (FIESC) e do Servi\u00e7o Social da Ind\u00fastria da Constru\u00e7\u00e3o Civil de Joinville (SECONCI). As reuni\u00f5es s\u00e3o peri\u00f3dicas e a inten\u00e7\u00e3o \u00e9 promover a troca de experi\u00eancias e oferecer suporte \u00e0s rotinas da \u00e1rea de RH das empresas do setor. A participa\u00e7\u00e3o das empresas associadas \u00e9 gratuita.<\/p><p>Grupo T\u00e9cnico<\/p><p>Para estimular o desenvolvimento da ind\u00fastria da constru\u00e7\u00e3o civil na regi\u00e3o, aproximar as empresas e o sindicato, promover a intera\u00e7\u00e3o entre as \u00e1reas t\u00e9cnicas, de inova\u00e7\u00e3o e engenharia, compartilhar boas pr\u00e1ticas, novos materiais, fornecedores, experi\u00eancias e solu\u00e7\u00f5es inovadoras, trazer cases de sucesso, realizar semin\u00e1rios e palestras e promover a ajuda m\u00fatua, o Sinduscon Joinville criou, em julho de 2020, um Grupo T\u00e9cnico.<\/p><p>Comit\u00ea de Crise do Licenciamento Ambiental<\/p><p>Criado em 2019, o trabalho realizado pelo Comit\u00ea de Crise tem como foco desburocratizar o licenciamento ambiental na cidade, atuando em parceria com os \u00f3rg\u00e3os respons\u00e1veis pela an\u00e1lise dos projetos em Joinville.<\/p><ul><li><strong>Conven\u00e7\u00e3o Coletiva <\/strong><\/li><\/ul><p>O bom relacionamento com o sindicato laboral \u00e9 uma das prerrogativas do Sinduscon Joinville. Diante disto, a cada conven\u00e7\u00e3o coletiva s\u00e3o tratadas reivindica\u00e7\u00f5es de maneira a proporcionar condi\u00e7\u00f5es econ\u00f4micas e de trabalho vi\u00e1veis e ben\u00e9ficas para todas as partes envolvidas.<\/p><p><strong>\u00a0<\/strong><\/p><ul><li><strong>Assessoria Jur\u00eddica<\/strong><\/li><\/ul><p>Nossa Assessoria Jur\u00eddica presta orienta\u00e7\u00e3o nas \u00e1reas do Direito que impactam na atividade da constru\u00e7\u00e3o civil, sejam elas trabalhistas, tribut\u00e1rias, imobili\u00e1rias ou administrativas. Tamb\u00e9m promove a\u00e7\u00f5es coletivas para a defesa dos interesses dos associados, atrav\u00e9s de medidas judiciais que beneficiem o setor da constru\u00e7\u00e3o.<\/p><ul><li><strong>Assessoria Econ\u00f4mica<\/strong><\/li><\/ul><p>O Sinduscon Joinville divulga sistematicamente os \u00edndices do CUB, alvar\u00e1s aprovados e outros indicadores econ\u00f4micos. Tamb\u00e9m oferece acesso (neste caso, mediante ades\u00e3o e pagamento de cota mensal) aos dados completos da pesquisa do Perfil Imobili\u00e1rio &#8211; um levantamento estrat\u00e9gico para a tomada de decis\u00f5es e novos investimentos.<\/p><ul><li><strong>Comunica\u00e7\u00e3o permanente<\/strong><\/li><\/ul><p>Os associados ao Sinduscon Joinville recebem informa\u00e7\u00f5es e orienta\u00e7\u00f5es a respeito da legisla\u00e7\u00e3o, economia e regras ditadas para o setor, atrav\u00e9s de diversos canais de comunica\u00e7\u00e3o: informativo mensal; e-mail marketing, site e redes sociais.<\/p><ul><li><strong>Coopercon SC<\/strong><\/li><\/ul><p>A Cooperativa da Constru\u00e7\u00e3o Civil do Estado de Santa Catarina (Coopercon-SC) iniciou as atividades em 2017. Com o objetivo de agilizar processos de compra e reduzir custos a \u00edndices diferenciados, agregando seu potencial de compras junto \u00e0s melhores construtoras do mercado, o Portal da COOPERCON SC conta com uma equipe altamente qualificada para gerenciar todas etapas do processo. O sistema est\u00e1 dispon\u00edvel on-line 24 horas por dia para atender as demandas do setor da constru\u00e7\u00e3o civil.<\/p>                <\/div>\n                    <\/div>\n            <div data-id=\"tab-tb_ovzh208-2\" class=\"tab-content tf_clear\" aria-hidden=\"true\">\n                            <div class=\"tb_text_wrap\">\n                    <p><strong>PASSO A PASSO<\/strong><\/p><p><strong>1 &#8211; Quem pode se associar<\/strong><\/p><p>As empresas que pertencem ao setor da constru\u00e7\u00e3o civil e que atuam em Joinville ou regi\u00e3o podem ser associadas.<\/p><p><strong>2- Fazer sua pr\u00e9-inscri\u00e7\u00e3o<\/strong><\/p><p>Basta efetuar o preenchimento dos dados da sua empresa no formul\u00e1rio abaixo.<\/p><p><strong>3 -Aguarde nosso contato<\/strong><\/p><p>Assim que realizado o cadastro, o SINDUSCON entrar\u00e1 em contato com voc\u00ea e far\u00e1 a valida\u00e7\u00e3o desses dados e passar\u00e1 as informa\u00e7\u00f5es necess\u00e1rias.<\/p><p><strong>4 -Cadastro liberado:<\/strong><\/p><p>Ap\u00f3s a valida\u00e7\u00e3o dos dados, o cadastro ser\u00e1 submetido a aprova\u00e7\u00e3o da diretoria do Sinduscon que tamb\u00e9m deliberar\u00e1 pelo valor da mensalidade, diante da libera\u00e7\u00e3o, sua empresa j\u00e1 pode usufruir de nossos benef\u00edcios.<br \/><br \/><strong>FORMUL\u00c1RIO PARA ASSOCIA\u00c7\u00c3O<\/strong><\/p><div class=\"wpforms-container wpforms-container-full\" id=\"wpforms-398\"><form id=\"wpforms-form-398\" class=\"wpforms-validate wpforms-form\" data-formid=\"398\" method=\"post\" enctype=\"multipart\/form-data\" action=\"\/v2021\/wp-json\/wp\/v2\/pages\/382\" data-token=\"5026ad3aa133cf5044e6c4b4cb87c934\" data-token-time=\"1777381430\"><noscript class=\"wpforms-error-noscript\">Ative o JavaScript no seu navegador para preencher este formul\u00e1rio.<\/noscript><div class=\"wpforms-field-container\"><div id=\"wpforms-398-field_0-container\" class=\"wpforms-field wpforms-field-name\" data-field-id=\"0\"><label class=\"wpforms-field-label\">Nome <span class=\"wpforms-required-label\">*<\/span><\/label><div class=\"wpforms-field-row wpforms-field-medium\"><div class=\"wpforms-field-row-block wpforms-first wpforms-one-half\"><input type=\"text\" id=\"wpforms-398-field_0\" class=\"wpforms-field-name-first wpforms-field-required\" name=\"wpforms[fields][0][first]\" required><label for=\"wpforms-398-field_0\" class=\"wpforms-field-sublabel after\">Nome<\/label><\/div><div class=\"wpforms-field-row-block wpforms-one-half\"><input type=\"text\" id=\"wpforms-398-field_0-last\" class=\"wpforms-field-name-last wpforms-field-required\" name=\"wpforms[fields][0][last]\" required><label for=\"wpforms-398-field_0-last\" class=\"wpforms-field-sublabel after\">Sobrenome<\/label><\/div><\/div><\/div><div id=\"wpforms-398-field_1-container\" class=\"wpforms-field wpforms-field-email\" data-field-id=\"1\"><label class=\"wpforms-field-label\" for=\"wpforms-398-field_1\">E-mail <span class=\"wpforms-required-label\">*<\/span><\/label><input type=\"email\" id=\"wpforms-398-field_1\" class=\"wpforms-field-medium wpforms-field-required\" name=\"wpforms[fields][1]\" spellcheck=\"false\" required><\/div><div id=\"wpforms-398-field_3-container\" class=\"wpforms-field wpforms-field-text\" data-field-id=\"3\"><label class=\"wpforms-field-label\" for=\"wpforms-398-field_3\">Telefone <span class=\"wpforms-required-label\">*<\/span><\/label><input type=\"text\" id=\"wpforms-398-field_3\" class=\"wpforms-field-medium wpforms-field-required\" name=\"wpforms[fields][3]\" required><\/div><div id=\"wpforms-398-field_4-container\" class=\"wpforms-field wpforms-field-number\" data-field-id=\"4\"><label class=\"wpforms-field-label\" for=\"wpforms-398-field_4\">CNPJ <span class=\"wpforms-required-label\">*<\/span><\/label><input type=\"number\" id=\"wpforms-398-field_4\" class=\"wpforms-field-medium wpforms-field-required\" name=\"wpforms[fields][4]\" step=\"any\" required><\/div><div id=\"wpforms-398-field_2-container\" class=\"wpforms-field wpforms-field-textarea\" data-field-id=\"2\"><label class=\"wpforms-field-label\" for=\"wpforms-398-field_2\">Mensagem <span class=\"wpforms-required-label\">*<\/span><\/label><textarea id=\"wpforms-398-field_2\" class=\"wpforms-field-medium wpforms-field-required\" name=\"wpforms[fields][2]\" required><\/textarea><\/div><\/div><!-- .wpforms-field-container --><div class=\"wpforms-submit-container\" ><input type=\"hidden\" name=\"wpforms[id]\" value=\"398\"><input type=\"hidden\" name=\"page_title\" value=\"\"><input type=\"hidden\" name=\"page_url\" value=\"https:\/\/www.sinduscon-joinville.org.br\/v2021\/wp-json\/wp\/v2\/pages\/382\"><input type=\"hidden\" name=\"url_referer\" value=\"\"><button type=\"submit\" name=\"wpforms[submit]\" id=\"wpforms-submit-398\" class=\"wpforms-submit\" data-alt-text=\"Enviando...\" data-submit-text=\"Enviar\" aria-live=\"assertive\" value=\"wpforms-submit\">Enviar<\/button><\/div><\/form><\/div>  <!-- .wpforms-container -->                <\/div>\n                    <\/div>\n    <\/div>\n<!-- \/module tab -->\n        <\/div>\n                        <\/div>\n        <\/div>\n        <\/div>\n<!--\/themify_builder_content-->","protected":false},"excerpt":{"rendered":"<p>Associe-se ao Sinduscon JoinvilleConhe\u00e7a os benef\u00edcios O Sinduscon Refer\u00eancia na regi\u00e3o Norte catarinense, o SINDUSCON Joinville vem exercendo seu protagonismo n\u00e3o apenas nas demandas que envolvem o setor da constru\u00e7\u00e3o civil, mas em assuntos de relev\u00e2ncia para a sociedade onde est\u00e1 inserido. H\u00e1 d\u00e9cadas o sindicato atua na defesa de quest\u00f5es pertinentes ao dia a [&hellip;]<\/p>\n","protected":false},"author":1,"featured_media":0,"parent":0,"menu_order":0,"comment_status":"closed","ping_status":"closed","template":"","meta":{"footnotes":""},"class_list":["post-382","page","type-page","status-publish","hentry","has-post-title","has-post-date","has-post-category","has-post-tag","has-post-comment","has-post-author",""],"_links":{"self":[{"href":"https:\/\/www.sinduscon-joinville.org.br\/v2021\/wp-json\/wp\/v2\/pages\/382","targetHints":{"allow":["GET"]}}],"collection":[{"href":"https:\/\/www.sinduscon-joinville.org.br\/v2021\/wp-json\/wp\/v2\/pages"}],"about":[{"href":"https:\/\/www.sinduscon-joinville.org.br\/v2021\/wp-json\/wp\/v2\/types\/page"}],"author":[{"embeddable":true,"href":"https:\/\/www.sinduscon-joinville.org.br\/v2021\/wp-json\/wp\/v2\/users\/1"}],"replies":[{"embeddable":true,"href":"https:\/\/www.sinduscon-joinville.org.br\/v2021\/wp-json\/wp\/v2\/comments?post=382"}],"version-history":[{"count":18,"href":"https:\/\/www.sinduscon-joinville.org.br\/v2021\/wp-json\/wp\/v2\/pages\/382\/revisions"}],"predecessor-version":[{"id":402,"href":"https:\/\/www.sinduscon-joinville.org.br\/v2021\/wp-json\/wp\/v2\/pages\/382\/revisions\/402"}],"wp:attachment":[{"href":"https:\/\/www.sinduscon-joinville.org.br\/v2021\/wp-json\/wp\/v2\/media?parent=382"}],"curies":[{"name":"wp","href":"https:\/\/api.w.org\/{rel}","templated":true}]}}